{"id":69,"date":"2025-09-24T10:29:36","date_gmt":"2025-09-24T10:29:36","guid":{"rendered":"https:\/\/thuexegiarelientinh.website\/?page_id=69"},"modified":"2025-09-24T10:29:36","modified_gmt":"2025-09-24T10:29:36","slug":"gioi-thieu","status":"publish","type":"page","link":"https:\/\/thuexegiarelientinh.website\/index.php\/gioi-thieu\/","title":{"rendered":"Gi\u1edbi thi\u1ec7u"},"content":{"rendered":"<p class=\"said-sm\">G\u1ecdi 0947813846 \u0110\u1ec3 Taxi ch\u00fang t\u00f4i \u0111\u00f3n b\u1ea1n !!!<\/p>\n<p>D\u1ecbch v\u1ee5 cho thu\u00ea xe 4 ch\u1ed7, 7 ch\u1ed7 Xe D\u1ecbch V\u1ee5 xin tr\u00e2n tr\u1ecdng g\u1eedi t\u1edbi Qu\u00fd kh\u00e1ch h\u00e0ng l\u1eddi ch\u00fac s\u1ee9c kh\u1ecfe v\u00e0 th\u00e0nh \u0111\u1ea1t, \u0111\u1ec3 \u0111\u01b0\u1ee3c d\u1ecbch v\u1ee5 thu\u00ea xe t\u1ed1t qu\u00fd kh\u00e1ch vui l\u00f2ng li\u00ean h\u1ec7: 0947813846<\/p>\n<p>D\u1ecbch v\u1ee5 cho thu\u00ea xe 4 ch\u1ed7, thu\u00ea xe 7 ch\u1ed7 Xe D\u1ecbch V\u1ee5 l\u00e0 m\u1ed9t website c\u1ee7a \u0111\u1eb7t xe tr\u1ef1c tuy\u1ebfn \u2013 c\u00f3 d\u1ecbch v\u1ee5 \u0111\u1eb7t thu\u00ea xe\u00a0 \u0111\u01b0\u1eddng d\u00e0i, ph\u1ee5c v\u1ee5 24\/7. Ngo\u00e0i ra, c\u00f2n cung c\u1ea5p d\u1ecbch v\u1ee5 xe \u0111\u01b0a \u0111\u00f3n s\u00e2n bay, \u0111\u01b0a \u0111\u00f3n b\u1ec7nh vi\u1ec7n, thu\u00ea xe 4 ch\u1ed7, 7 ch\u1ed7 tr\u1ecdn g\u00f3i gi\u00e1 r\u1ebb (bao ph\u00ed cao t\u1ed1c). Cam k\u1ebft d\u1ecbch v\u1ee5 xe \u0111\u01b0a \u0111\u00f3n S\u00e2n Bay, thu\u00ea xe \u0111i t\u1ec9nh, thu\u00ea xe du l\u1ecbch b\u1eb1ng d\u00f2ng xe \u0111\u1ea7u t\u01b0 m\u1edbi 100%, d\u00f2ng xe 4 ch\u1ed7 \u0111\u1ebfn 45 ch\u1ed7 sang tr\u1ecdng v\u1edbi ch\u00ednh s\u00e1ch gi\u00e1 cam k\u1ebft r\u1ebb nh\u1ea5t. V\u1edbi kinh nghi\u1ec7m h\u01a1n 10 n\u0103m l\u00e1i xe, ch\u00fang t\u00f4i mang \u0111\u1ebfn s\u1ef1 an to\u00e0n, tho\u1ea3i m\u00e1i v\u00e0 ch\u1ea5t l\u01b0\u1ee3ng ph\u1ee5c v\u1ee5 t\u1ed1t nh\u1ea5t.<\/p>\n","protected":false},"excerpt":{"rendered":"<p>G\u1ecdi 0947813846 \u0110\u1ec3 Taxi ch\u00fang t\u00f4i \u0111\u00f3n b\u1ea1n !!! D\u1ecbch v\u1ee5 cho thu\u00ea xe 4 ch\u1ed7, 7 ch\u1ed7 Xe D\u1ecbch V\u1ee5 xin tr\u00e2n tr\u1ecdng g\u1eedi t\u1edbi Qu\u00fd kh\u00e1ch h\u00e0ng l\u1eddi ch\u00fac s\u1ee9c kh\u1ecfe v\u00e0 th\u00e0nh \u0111\u1ea1t, \u0111\u1ec3 \u0111\u01b0\u1ee3c d\u1ecbch v\u1ee5 thu\u00ea xe t\u1ed1t qu\u00fd kh\u00e1ch vui l\u00f2ng li\u00ean h\u1ec7: 0947813846 D\u1ecbch v\u1ee5 cho thu\u00ea xe<\/p>\n","protected":false},"author":1,"featured_media":6,"parent":0,"menu_order":0,"comment_status":"closed","ping_status":"closed","template":"page-right-sidebar.php","meta":{"footnotes":""},"class_list":["post-69","page","type-page","status-publish","has-post-thumbnail","hentry"],"yoast_head":"<!-- This site is optimized with the Yoast SEO plugin v26.0 - https:\/\/yoast.com\/wordpress\/plugins\/seo\/ -->\n<title>Thu\u00ea Xe Gi\u00e1 R\u1ebb Li\u00ean T\u1ec9nh G\u1ecdi 0947813846<\/title>\n<meta name=\"description\" content=\"Thu\u00ea Xe Gi\u00e1 R\u1ebb Li\u00ean T\u1ec9nh cung c\u1ea5p d\u1ecbch v\u1ee5 thu\u00ea xe du l\u1ecbch mi\u1ec1n nam, xe 4 ch\u1ed7 \u0111\u1ebfn 45 ch\u1ed7 \u0111\u1eb7t l\u00e0 c\u00f3 xe, lu\u00f4n c\u00f3 xe s\u1eb5n \u0111\u1ec3 ph\u1ee5c v\u1ee5 qu\u00fd kh\u00e1ch\" \/>\n<meta name=\"robots\" content=\"index, follow, max-snippet:-1, max-image-preview:large, max-video-preview:-1\" \/>\n<link rel=\"canonical\" href=\"https:\/\/thuexegiarelientinh.website\/index.php\/gioi-thieu\/\" \/>\n<meta property=\"og:locale\" content=\"vi_VN\" \/>\n<meta property=\"og:type\" content=\"article\" \/>\n<meta property=\"og:title\" content=\"Thu\u00ea Xe Gi\u00e1 R\u1ebb Li\u00ean T\u1ec9nh G\u1ecdi 0947813846\" \/>\n<meta property=\"og:description\" content=\"Thu\u00ea Xe Gi\u00e1 R\u1ebb Li\u00ean T\u1ec9nh cung c\u1ea5p d\u1ecbch v\u1ee5 thu\u00ea xe du l\u1ecbch mi\u1ec1n nam, xe 4 ch\u1ed7 \u0111\u1ebfn 45 ch\u1ed7 \u0111\u1eb7t l\u00e0 c\u00f3 xe, lu\u00f4n c\u00f3 xe s\u1eb5n \u0111\u1ec3 ph\u1ee5c v\u1ee5 qu\u00fd kh\u00e1ch\" \/>\n<meta property=\"og:url\" content=\"https:\/\/thuexegiarelientinh.website\/index.php\/gioi-thieu\/\" \/>\n<meta property=\"og:site_name\" content=\"Nh\u00e0 Xe H\u1ea1nh Ph\u00fac\" \/>\n<meta property=\"og:image\" content=\"https:\/\/thuexegiarelientinh.website\/wp-content\/uploads\/2025\/09\/thue-xe-gia-re-lien-tinh.webp\" \/>\n\t<meta property=\"og:image:width\" content=\"1280\" \/>\n\t<meta property=\"og:image:height\" content=\"540\" \/>\n\t<meta property=\"og:image:type\" content=\"image\/webp\" \/>\n<meta name=\"twitter:card\" content=\"summary_large_image\" \/>\n<meta name=\"twitter:label1\" content=\"\u01af\u1edbc t\u00ednh th\u1eddi gian \u0111\u1ecdc\" \/>\n\t<meta name=\"twitter:data1\" content=\"2 ph\u00fat\" \/>\n<script type=\"application\/ld+json\" class=\"yoast-schema-graph\">{\"@context\":\"https:\/\/schema.org\",\"@graph\":[{\"@type\":\"WebPage\",\"@id\":\"https:\/\/thuexegiarelientinh.website\/index.php\/gioi-thieu\/\",\"url\":\"https:\/\/thuexegiarelientinh.website\/index.php\/gioi-thieu\/\",\"name\":\"Thu\u00ea Xe Gi\u00e1 R\u1ebb Li\u00ean T\u1ec9nh G\u1ecdi 0947813846\",\"isPartOf\":{\"@id\":\"https:\/\/thuexegiarelientinh.website\/#website\"},\"primaryImageOfPage\":{\"@id\":\"https:\/\/thuexegiarelientinh.website\/index.php\/gioi-thieu\/#primaryimage\"},\"image\":{\"@id\":\"https:\/\/thuexegiarelientinh.website\/index.php\/gioi-thieu\/#primaryimage\"},\"thumbnailUrl\":\"https:\/\/thuexegiarelientinh.website\/wp-content\/uploads\/2025\/09\/thue-xe-gia-re-lien-tinh.webp\",\"datePublished\":\"2025-09-24T10:29:36+00:00\",\"description\":\"Thu\u00ea Xe Gi\u00e1 R\u1ebb Li\u00ean T\u1ec9nh cung c\u1ea5p d\u1ecbch v\u1ee5 thu\u00ea xe du l\u1ecbch mi\u1ec1n nam, xe 4 ch\u1ed7 \u0111\u1ebfn 45 ch\u1ed7 \u0111\u1eb7t l\u00e0 c\u00f3 xe, lu\u00f4n c\u00f3 xe s\u1eb5n \u0111\u1ec3 ph\u1ee5c v\u1ee5 qu\u00fd kh\u00e1ch\",\"breadcrumb\":{\"@id\":\"https:\/\/thuexegiarelientinh.website\/index.php\/gioi-thieu\/#breadcrumb\"},\"inLanguage\":\"vi\",\"potentialAction\":[{\"@type\":\"ReadAction\",\"target\":[\"https:\/\/thuexegiarelientinh.website\/index.php\/gioi-thieu\/\"]}]},{\"@type\":\"ImageObject\",\"inLanguage\":\"vi\",\"@id\":\"https:\/\/thuexegiarelientinh.website\/index.php\/gioi-thieu\/#primaryimage\",\"url\":\"https:\/\/thuexegiarelientinh.website\/wp-content\/uploads\/2025\/09\/thue-xe-gia-re-lien-tinh.webp\",\"contentUrl\":\"https:\/\/thuexegiarelientinh.website\/wp-content\/uploads\/2025\/09\/thue-xe-gia-re-lien-tinh.webp\",\"width\":1280,\"height\":540,\"caption\":\"thu\u00ea xe gi\u00e1 r\u1ebb li\u00ean t\u1ec9nh\"},{\"@type\":\"BreadcrumbList\",\"@id\":\"https:\/\/thuexegiarelientinh.website\/index.php\/gioi-thieu\/#breadcrumb\",\"itemListElement\":[{\"@type\":\"ListItem\",\"position\":1,\"name\":\"Trang ch\u1ee7\",\"item\":\"https:\/\/thuexegiarelientinh.website\/\"},{\"@type\":\"ListItem\",\"position\":2,\"name\":\"Gi\u1edbi thi\u1ec7u\"}]},{\"@type\":\"WebSite\",\"@id\":\"https:\/\/thuexegiarelientinh.website\/#website\",\"url\":\"https:\/\/thuexegiarelientinh.website\/\",\"name\":\"Nh\u00e0 Xe H\u1ea1nh Ph\u00fac\",\"description\":\"\",\"potentialAction\":[{\"@type\":\"SearchAction\",\"target\":{\"@type\":\"EntryPoint\",\"urlTemplate\":\"https:\/\/thuexegiarelientinh.website\/?s={search_term_string}\"},\"query-input\":{\"@type\":\"PropertyValueSpecification\",\"valueRequired\":true,\"valueName\":\"search_term_string\"}}],\"inLanguage\":\"vi\"}]}<\/script>\n<!-- \/ Yoast SEO plugin. -->","yoast_head_json":{"title":"Thu\u00ea Xe Gi\u00e1 R\u1ebb Li\u00ean T\u1ec9nh G\u1ecdi 0947813846","description":"Thu\u00ea Xe Gi\u00e1 R\u1ebb Li\u00ean T\u1ec9nh cung c\u1ea5p d\u1ecbch v\u1ee5 thu\u00ea xe du l\u1ecbch mi\u1ec1n nam, xe 4 ch\u1ed7 \u0111\u1ebfn 45 ch\u1ed7 \u0111\u1eb7t l\u00e0 c\u00f3 xe, lu\u00f4n c\u00f3 xe s\u1eb5n \u0111\u1ec3 ph\u1ee5c v\u1ee5 qu\u00fd kh\u00e1ch","robots":{"index":"index","follow":"follow","max-snippet":"max-snippet:-1","max-image-preview":"max-image-preview:large","max-video-preview":"max-video-preview:-1"},"canonical":"https:\/\/thuexegiarelientinh.website\/index.php\/gioi-thieu\/","og_locale":"vi_VN","og_type":"article","og_title":"Thu\u00ea Xe Gi\u00e1 R\u1ebb Li\u00ean T\u1ec9nh G\u1ecdi 0947813846","og_description":"Thu\u00ea Xe Gi\u00e1 R\u1ebb Li\u00ean T\u1ec9nh cung c\u1ea5p d\u1ecbch v\u1ee5 thu\u00ea xe du l\u1ecbch mi\u1ec1n nam, xe 4 ch\u1ed7 \u0111\u1ebfn 45 ch\u1ed7 \u0111\u1eb7t l\u00e0 c\u00f3 xe, lu\u00f4n c\u00f3 xe s\u1eb5n \u0111\u1ec3 ph\u1ee5c v\u1ee5 qu\u00fd kh\u00e1ch","og_url":"https:\/\/thuexegiarelientinh.website\/index.php\/gioi-thieu\/","og_site_name":"Nh\u00e0 Xe H\u1ea1nh Ph\u00fac","og_image":[{"width":1280,"height":540,"url":"https:\/\/thuexegiarelientinh.website\/wp-content\/uploads\/2025\/09\/thue-xe-gia-re-lien-tinh.webp","type":"image\/webp"}],"twitter_card":"summary_large_image","twitter_misc":{"\u01af\u1edbc t\u00ednh th\u1eddi gian \u0111\u1ecdc":"2 ph\u00fat"},"schema":{"@context":"https:\/\/schema.org","@graph":[{"@type":"WebPage","@id":"https:\/\/thuexegiarelientinh.website\/index.php\/gioi-thieu\/","url":"https:\/\/thuexegiarelientinh.website\/index.php\/gioi-thieu\/","name":"Thu\u00ea Xe Gi\u00e1 R\u1ebb Li\u00ean T\u1ec9nh G\u1ecdi 0947813846","isPartOf":{"@id":"https:\/\/thuexegiarelientinh.website\/#website"},"primaryImageOfPage":{"@id":"https:\/\/thuexegiarelientinh.website\/index.php\/gioi-thieu\/#primaryimage"},"image":{"@id":"https:\/\/thuexegiarelientinh.website\/index.php\/gioi-thieu\/#primaryimage"},"thumbnailUrl":"https:\/\/thuexegiarelientinh.website\/wp-content\/uploads\/2025\/09\/thue-xe-gia-re-lien-tinh.webp","datePublished":"2025-09-24T10:29:36+00:00","description":"Thu\u00ea Xe Gi\u00e1 R\u1ebb Li\u00ean T\u1ec9nh cung c\u1ea5p d\u1ecbch v\u1ee5 thu\u00ea xe du l\u1ecbch mi\u1ec1n nam, xe 4 ch\u1ed7 \u0111\u1ebfn 45 ch\u1ed7 \u0111\u1eb7t l\u00e0 c\u00f3 xe, lu\u00f4n c\u00f3 xe s\u1eb5n \u0111\u1ec3 ph\u1ee5c v\u1ee5 qu\u00fd kh\u00e1ch","breadcrumb":{"@id":"https:\/\/thuexegiarelientinh.website\/index.php\/gioi-thieu\/#breadcrumb"},"inLanguage":"vi","potentialAction":[{"@type":"ReadAction","target":["https:\/\/thuexegiarelientinh.website\/index.php\/gioi-thieu\/"]}]},{"@type":"ImageObject","inLanguage":"vi","@id":"https:\/\/thuexegiarelientinh.website\/index.php\/gioi-thieu\/#primaryimage","url":"https:\/\/thuexegiarelientinh.website\/wp-content\/uploads\/2025\/09\/thue-xe-gia-re-lien-tinh.webp","contentUrl":"https:\/\/thuexegiarelientinh.website\/wp-content\/uploads\/2025\/09\/thue-xe-gia-re-lien-tinh.webp","width":1280,"height":540,"caption":"thu\u00ea xe gi\u00e1 r\u1ebb li\u00ean t\u1ec9nh"},{"@type":"BreadcrumbList","@id":"https:\/\/thuexegiarelientinh.website\/index.php\/gioi-thieu\/#breadcrumb","itemListElement":[{"@type":"ListItem","position":1,"name":"Trang ch\u1ee7","item":"https:\/\/thuexegiarelientinh.website\/"},{"@type":"ListItem","position":2,"name":"Gi\u1edbi thi\u1ec7u"}]},{"@type":"WebSite","@id":"https:\/\/thuexegiarelientinh.website\/#website","url":"https:\/\/thuexegiarelientinh.website\/","name":"Nh\u00e0 Xe H\u1ea1nh Ph\u00fac","description":"","potentialAction":[{"@type":"SearchAction","target":{"@type":"EntryPoint","urlTemplate":"https:\/\/thuexegiarelientinh.website\/?s={search_term_string}"},"query-input":{"@type":"PropertyValueSpecification","valueRequired":true,"valueName":"search_term_string"}}],"inLanguage":"vi"}]}},"_links":{"self":[{"href":"https:\/\/thuexegiarelientinh.website\/index.php\/wp-json\/wp\/v2\/pages\/69","targetHints":{"allow":["GET"]}}],"collection":[{"href":"https:\/\/thuexegiarelientinh.website\/index.php\/wp-json\/wp\/v2\/pages"}],"about":[{"href":"https:\/\/thuexegiarelientinh.website\/index.php\/wp-json\/wp\/v2\/types\/page"}],"author":[{"embeddable":true,"href":"https:\/\/thuexegiarelientinh.website\/index.php\/wp-json\/wp\/v2\/users\/1"}],"replies":[{"embeddable":true,"href":"https:\/\/thuexegiarelientinh.website\/index.php\/wp-json\/wp\/v2\/comments?post=69"}],"version-history":[{"count":2,"href":"https:\/\/thuexegiarelientinh.website\/index.php\/wp-json\/wp\/v2\/pages\/69\/revisions"}],"predecessor-version":[{"id":71,"href":"https:\/\/thuexegiarelientinh.website\/index.php\/wp-json\/wp\/v2\/pages\/69\/revisions\/71"}],"wp:featuredmedia":[{"embeddable":true,"href":"https:\/\/thuexegiarelientinh.website\/index.php\/wp-json\/wp\/v2\/media\/6"}],"wp:attachment":[{"href":"https:\/\/thuexegiarelientinh.website\/index.php\/wp-json\/wp\/v2\/media?parent=69"}],"curies":[{"name":"wp","href":"https:\/\/api.w.org\/{rel}","templated":true}]}}