{"id":72,"date":"2025-09-24T10:29:58","date_gmt":"2025-09-24T10:29:58","guid":{"rendered":"https:\/\/thuexegiarelientinh.website\/?page_id=72"},"modified":"2025-09-24T10:29:58","modified_gmt":"2025-09-24T10:29:58","slug":"bang-gia","status":"publish","type":"page","link":"https:\/\/thuexegiarelientinh.website\/index.php\/bang-gia\/","title":{"rendered":"B\u1ea3ng gi\u00e1"},"content":{"rendered":"<h3><span id=\"Gia_thue_xe_di_Moc_Bai_1_chieu\">Gi\u00e1 thu\u00ea xe \u0111i M\u1ed9c B\u00e0i 1 chi\u1ec1u<\/span><\/h3>\n<ul>\n<li>Gi\u00e1 xe 4 ch\u1ed7: 800.000\u0111<\/li>\n<li>Gi\u00e1 xe 7 ch\u1ed7: 900.000\u0111<\/li>\n<li>Gi\u00e1 xe 16 ch\u1ed7: 1.500.000\u0111<\/li>\n<li>Gi\u00e1 xe 29 ch\u1ed7: 3.000.000\u0111<\/li>\n<li>Gi\u00e1 xe 45 ch\u1ed7: 4.000.000\u0111<\/li>\n<li>Gi\u00e1 xe limousine: 3.500.000\u0111<\/li>\n<\/ul>\n<h3><span id=\"Gia_thue_xe_di_Moc_Bai_1_ngay\">Gi\u00e1 thu\u00ea xe \u0111i M\u1ed9c B\u00e0i 1 ng\u00e0y<\/span><\/h3>\n<ul>\n<li>Gi\u00e1 xe 4 ch\u1ed7: 1.100.000\u0111<\/li>\n<li>Gi\u00e1 xe 7 ch\u1ed7: 1.200.000\u0111<\/li>\n<li>Gi\u00e1 xe 16 ch\u1ed7: 2.000.000\u0111<\/li>\n<li>Gi\u00e1 xe 29 ch\u1ed7: 3.300.000\u0111<\/li>\n<li>Gi\u00e1 xe 45 ch\u1ed7: 4.500.000\u0111<\/li>\n<li>Gi\u00e1 xe limousine: 3.700.000\u0111<\/li>\n<\/ul>\n","protected":false},"excerpt":{"rendered":"<p>Gi\u00e1 thu\u00ea xe \u0111i M\u1ed9c B\u00e0i 1 chi\u1ec1u Gi\u00e1 xe 4 ch\u1ed7: 800.000\u0111 Gi\u00e1 xe 7 ch\u1ed7: 900.000\u0111 Gi\u00e1 xe 16 ch\u1ed7: 1.500.000\u0111 Gi\u00e1 xe 29 ch\u1ed7: 3.000.000\u0111 Gi\u00e1 xe 45 ch\u1ed7: 4.000.000\u0111 Gi\u00e1 xe limousine: 3.500.000\u0111 Gi\u00e1 thu\u00ea xe \u0111i M\u1ed9c B\u00e0i 1 ng\u00e0y Gi\u00e1 xe 4 ch\u1ed7: 1.100.000\u0111 Gi\u00e1 xe 7 ch\u1ed7: 1.200.000\u0111<\/p>\n","protected":false},"author":1,"featured_media":6,"parent":0,"menu_order":0,"comment_status":"closed","ping_status":"closed","template":"page-right-sidebar.php","meta":{"footnotes":""},"class_list":["post-72","page","type-page","status-publish","has-post-thumbnail","hentry"],"yoast_head":"<!-- This site is optimized with the Yoast SEO plugin v26.0 - https:\/\/yoast.com\/wordpress\/plugins\/seo\/ -->\n<title>Thu\u00ea Xe Gi\u00e1 R\u1ebb Li\u00ean T\u1ec9nh G\u1ecdi 0947813846<\/title>\n<meta name=\"description\" content=\"Thu\u00ea Xe Gi\u00e1 R\u1ebb Li\u00ean T\u1ec9nh cung c\u1ea5p d\u1ecbch v\u1ee5 thu\u00ea xe du l\u1ecbch mi\u1ec1n nam, xe 4 ch\u1ed7 \u0111\u1ebfn 45 ch\u1ed7 \u0111\u1eb7t l\u00e0 c\u00f3 xe, lu\u00f4n c\u00f3 xe s\u1eb5n \u0111\u1ec3 ph\u1ee5c v\u1ee5 qu\u00fd kh\u00e1ch\" \/>\n<meta name=\"robots\" content=\"index, follow, max-snippet:-1, max-image-preview:large, max-video-preview:-1\" \/>\n<link rel=\"canonical\" href=\"https:\/\/thuexegiarelientinh.website\/index.php\/bang-gia\/\" \/>\n<meta property=\"og:locale\" content=\"vi_VN\" \/>\n<meta property=\"og:type\" content=\"article\" \/>\n<meta property=\"og:title\" content=\"Thu\u00ea Xe Gi\u00e1 R\u1ebb Li\u00ean T\u1ec9nh G\u1ecdi 0947813846\" \/>\n<meta property=\"og:description\" content=\"Thu\u00ea Xe Gi\u00e1 R\u1ebb Li\u00ean T\u1ec9nh cung c\u1ea5p d\u1ecbch v\u1ee5 thu\u00ea xe du l\u1ecbch mi\u1ec1n nam, xe 4 ch\u1ed7 \u0111\u1ebfn 45 ch\u1ed7 \u0111\u1eb7t l\u00e0 c\u00f3 xe, lu\u00f4n c\u00f3 xe s\u1eb5n \u0111\u1ec3 ph\u1ee5c v\u1ee5 qu\u00fd kh\u00e1ch\" \/>\n<meta property=\"og:url\" content=\"https:\/\/thuexegiarelientinh.website\/index.php\/bang-gia\/\" \/>\n<meta property=\"og:site_name\" content=\"Nh\u00e0 Xe H\u1ea1nh Ph\u00fac\" \/>\n<meta property=\"og:image\" content=\"https:\/\/thuexegiarelientinh.website\/wp-content\/uploads\/2025\/09\/thue-xe-gia-re-lien-tinh.webp\" \/>\n\t<meta property=\"og:image:width\" content=\"1280\" \/>\n\t<meta property=\"og:image:height\" content=\"540\" \/>\n\t<meta property=\"og:image:type\" content=\"image\/webp\" \/>\n<meta name=\"twitter:card\" content=\"summary_large_image\" \/>\n<meta name=\"twitter:label1\" content=\"\u01af\u1edbc t\u00ednh th\u1eddi gian \u0111\u1ecdc\" \/>\n\t<meta name=\"twitter:data1\" content=\"2 ph\u00fat\" \/>\n<script type=\"application\/ld+json\" class=\"yoast-schema-graph\">{\"@context\":\"https:\/\/schema.org\",\"@graph\":[{\"@type\":\"WebPage\",\"@id\":\"https:\/\/thuexegiarelientinh.website\/index.php\/bang-gia\/\",\"url\":\"https:\/\/thuexegiarelientinh.website\/index.php\/bang-gia\/\",\"name\":\"Thu\u00ea Xe Gi\u00e1 R\u1ebb Li\u00ean T\u1ec9nh G\u1ecdi 0947813846\",\"isPartOf\":{\"@id\":\"https:\/\/thuexegiarelientinh.website\/#website\"},\"primaryImageOfPage\":{\"@id\":\"https:\/\/thuexegiarelientinh.website\/index.php\/bang-gia\/#primaryimage\"},\"image\":{\"@id\":\"https:\/\/thuexegiarelientinh.website\/index.php\/bang-gia\/#primaryimage\"},\"thumbnailUrl\":\"https:\/\/thuexegiarelientinh.website\/wp-content\/uploads\/2025\/09\/thue-xe-gia-re-lien-tinh.webp\",\"datePublished\":\"2025-09-24T10:29:58+00:00\",\"description\":\"Thu\u00ea Xe Gi\u00e1 R\u1ebb Li\u00ean T\u1ec9nh cung c\u1ea5p d\u1ecbch v\u1ee5 thu\u00ea xe du l\u1ecbch mi\u1ec1n nam, xe 4 ch\u1ed7 \u0111\u1ebfn 45 ch\u1ed7 \u0111\u1eb7t l\u00e0 c\u00f3 xe, lu\u00f4n c\u00f3 xe s\u1eb5n \u0111\u1ec3 ph\u1ee5c v\u1ee5 qu\u00fd kh\u00e1ch\",\"breadcrumb\":{\"@id\":\"https:\/\/thuexegiarelientinh.website\/index.php\/bang-gia\/#breadcrumb\"},\"inLanguage\":\"vi\",\"potentialAction\":[{\"@type\":\"ReadAction\",\"target\":[\"https:\/\/thuexegiarelientinh.website\/index.php\/bang-gia\/\"]}]},{\"@type\":\"ImageObject\",\"inLanguage\":\"vi\",\"@id\":\"https:\/\/thuexegiarelientinh.website\/index.php\/bang-gia\/#primaryimage\",\"url\":\"https:\/\/thuexegiarelientinh.website\/wp-content\/uploads\/2025\/09\/thue-xe-gia-re-lien-tinh.webp\",\"contentUrl\":\"https:\/\/thuexegiarelientinh.website\/wp-content\/uploads\/2025\/09\/thue-xe-gia-re-lien-tinh.webp\",\"width\":1280,\"height\":540,\"caption\":\"thu\u00ea xe gi\u00e1 r\u1ebb li\u00ean t\u1ec9nh\"},{\"@type\":\"BreadcrumbList\",\"@id\":\"https:\/\/thuexegiarelientinh.website\/index.php\/bang-gia\/#breadcrumb\",\"itemListElement\":[{\"@type\":\"ListItem\",\"position\":1,\"name\":\"Trang ch\u1ee7\",\"item\":\"https:\/\/thuexegiarelientinh.website\/\"},{\"@type\":\"ListItem\",\"position\":2,\"name\":\"B\u1ea3ng gi\u00e1\"}]},{\"@type\":\"WebSite\",\"@id\":\"https:\/\/thuexegiarelientinh.website\/#website\",\"url\":\"https:\/\/thuexegiarelientinh.website\/\",\"name\":\"Nh\u00e0 Xe H\u1ea1nh Ph\u00fac\",\"description\":\"\",\"potentialAction\":[{\"@type\":\"SearchAction\",\"target\":{\"@type\":\"EntryPoint\",\"urlTemplate\":\"https:\/\/thuexegiarelientinh.website\/?s={search_term_string}\"},\"query-input\":{\"@type\":\"PropertyValueSpecification\",\"valueRequired\":true,\"valueName\":\"search_term_string\"}}],\"inLanguage\":\"vi\"}]}<\/script>\n<!-- \/ Yoast SEO plugin. -->","yoast_head_json":{"title":"Thu\u00ea Xe Gi\u00e1 R\u1ebb Li\u00ean T\u1ec9nh G\u1ecdi 0947813846","description":"Thu\u00ea Xe Gi\u00e1 R\u1ebb Li\u00ean T\u1ec9nh cung c\u1ea5p d\u1ecbch v\u1ee5 thu\u00ea xe du l\u1ecbch mi\u1ec1n nam, xe 4 ch\u1ed7 \u0111\u1ebfn 45 ch\u1ed7 \u0111\u1eb7t l\u00e0 c\u00f3 xe, lu\u00f4n c\u00f3 xe s\u1eb5n \u0111\u1ec3 ph\u1ee5c v\u1ee5 qu\u00fd kh\u00e1ch","robots":{"index":"index","follow":"follow","max-snippet":"max-snippet:-1","max-image-preview":"max-image-preview:large","max-video-preview":"max-video-preview:-1"},"canonical":"https:\/\/thuexegiarelientinh.website\/index.php\/bang-gia\/","og_locale":"vi_VN","og_type":"article","og_title":"Thu\u00ea Xe Gi\u00e1 R\u1ebb Li\u00ean T\u1ec9nh G\u1ecdi 0947813846","og_description":"Thu\u00ea Xe Gi\u00e1 R\u1ebb Li\u00ean T\u1ec9nh cung c\u1ea5p d\u1ecbch v\u1ee5 thu\u00ea xe du l\u1ecbch mi\u1ec1n nam, xe 4 ch\u1ed7 \u0111\u1ebfn 45 ch\u1ed7 \u0111\u1eb7t l\u00e0 c\u00f3 xe, lu\u00f4n c\u00f3 xe s\u1eb5n \u0111\u1ec3 ph\u1ee5c v\u1ee5 qu\u00fd kh\u00e1ch","og_url":"https:\/\/thuexegiarelientinh.website\/index.php\/bang-gia\/","og_site_name":"Nh\u00e0 Xe H\u1ea1nh Ph\u00fac","og_image":[{"width":1280,"height":540,"url":"https:\/\/thuexegiarelientinh.website\/wp-content\/uploads\/2025\/09\/thue-xe-gia-re-lien-tinh.webp","type":"image\/webp"}],"twitter_card":"summary_large_image","twitter_misc":{"\u01af\u1edbc t\u00ednh th\u1eddi gian \u0111\u1ecdc":"2 ph\u00fat"},"schema":{"@context":"https:\/\/schema.org","@graph":[{"@type":"WebPage","@id":"https:\/\/thuexegiarelientinh.website\/index.php\/bang-gia\/","url":"https:\/\/thuexegiarelientinh.website\/index.php\/bang-gia\/","name":"Thu\u00ea Xe Gi\u00e1 R\u1ebb Li\u00ean T\u1ec9nh G\u1ecdi 0947813846","isPartOf":{"@id":"https:\/\/thuexegiarelientinh.website\/#website"},"primaryImageOfPage":{"@id":"https:\/\/thuexegiarelientinh.website\/index.php\/bang-gia\/#primaryimage"},"image":{"@id":"https:\/\/thuexegiarelientinh.website\/index.php\/bang-gia\/#primaryimage"},"thumbnailUrl":"https:\/\/thuexegiarelientinh.website\/wp-content\/uploads\/2025\/09\/thue-xe-gia-re-lien-tinh.webp","datePublished":"2025-09-24T10:29:58+00:00","description":"Thu\u00ea Xe Gi\u00e1 R\u1ebb Li\u00ean T\u1ec9nh cung c\u1ea5p d\u1ecbch v\u1ee5 thu\u00ea xe du l\u1ecbch mi\u1ec1n nam, xe 4 ch\u1ed7 \u0111\u1ebfn 45 ch\u1ed7 \u0111\u1eb7t l\u00e0 c\u00f3 xe, lu\u00f4n c\u00f3 xe s\u1eb5n \u0111\u1ec3 ph\u1ee5c v\u1ee5 qu\u00fd kh\u00e1ch","breadcrumb":{"@id":"https:\/\/thuexegiarelientinh.website\/index.php\/bang-gia\/#breadcrumb"},"inLanguage":"vi","potentialAction":[{"@type":"ReadAction","target":["https:\/\/thuexegiarelientinh.website\/index.php\/bang-gia\/"]}]},{"@type":"ImageObject","inLanguage":"vi","@id":"https:\/\/thuexegiarelientinh.website\/index.php\/bang-gia\/#primaryimage","url":"https:\/\/thuexegiarelientinh.website\/wp-content\/uploads\/2025\/09\/thue-xe-gia-re-lien-tinh.webp","contentUrl":"https:\/\/thuexegiarelientinh.website\/wp-content\/uploads\/2025\/09\/thue-xe-gia-re-lien-tinh.webp","width":1280,"height":540,"caption":"thu\u00ea xe gi\u00e1 r\u1ebb li\u00ean t\u1ec9nh"},{"@type":"BreadcrumbList","@id":"https:\/\/thuexegiarelientinh.website\/index.php\/bang-gia\/#breadcrumb","itemListElement":[{"@type":"ListItem","position":1,"name":"Trang ch\u1ee7","item":"https:\/\/thuexegiarelientinh.website\/"},{"@type":"ListItem","position":2,"name":"B\u1ea3ng gi\u00e1"}]},{"@type":"WebSite","@id":"https:\/\/thuexegiarelientinh.website\/#website","url":"https:\/\/thuexegiarelientinh.website\/","name":"Nh\u00e0 Xe H\u1ea1nh Ph\u00fac","description":"","potentialAction":[{"@type":"SearchAction","target":{"@type":"EntryPoint","urlTemplate":"https:\/\/thuexegiarelientinh.website\/?s={search_term_string}"},"query-input":{"@type":"PropertyValueSpecification","valueRequired":true,"valueName":"search_term_string"}}],"inLanguage":"vi"}]}},"_links":{"self":[{"href":"https:\/\/thuexegiarelientinh.website\/index.php\/wp-json\/wp\/v2\/pages\/72","targetHints":{"allow":["GET"]}}],"collection":[{"href":"https:\/\/thuexegiarelientinh.website\/index.php\/wp-json\/wp\/v2\/pages"}],"about":[{"href":"https:\/\/thuexegiarelientinh.website\/index.php\/wp-json\/wp\/v2\/types\/page"}],"author":[{"embeddable":true,"href":"https:\/\/thuexegiarelientinh.website\/index.php\/wp-json\/wp\/v2\/users\/1"}],"replies":[{"embeddable":true,"href":"https:\/\/thuexegiarelientinh.website\/index.php\/wp-json\/wp\/v2\/comments?post=72"}],"version-history":[{"count":2,"href":"https:\/\/thuexegiarelientinh.website\/index.php\/wp-json\/wp\/v2\/pages\/72\/revisions"}],"predecessor-version":[{"id":74,"href":"https:\/\/thuexegiarelientinh.website\/index.php\/wp-json\/wp\/v2\/pages\/72\/revisions\/74"}],"wp:featuredmedia":[{"embeddable":true,"href":"https:\/\/thuexegiarelientinh.website\/index.php\/wp-json\/wp\/v2\/media\/6"}],"wp:attachment":[{"href":"https:\/\/thuexegiarelientinh.website\/index.php\/wp-json\/wp\/v2\/media?parent=72"}],"curies":[{"name":"wp","href":"https:\/\/api.w.org\/{rel}","templated":true}]}}